{"id":773,"date":"2020-11-24T07:18:50","date_gmt":"2020-11-24T07:18:50","guid":{"rendered":"https:\/\/help2.shinexmonitoring.com\/?page_id=773"},"modified":"2020-12-06T08:11:45","modified_gmt":"2020-12-06T13:11:45","slug":"categories","status":"publish","type":"page","link":"https:\/\/help.shinexmonitoring.com\/fr\/categories\/","title":{"rendered":"Cat\u00e9gories"},"content":{"rendered":"<div id='av_section_1'  class='avia-section main_color avia-section-default avia-no-border-styling  avia-bg-style-scroll  avia-builder-el-0  avia-builder-el-no-sibling   container_wrap sidebar_right' style=' '  ><div class='container' ><main  role=\"main\" itemprop=\"mainContentOfPage\"  class='template-page content  av-content-small alpha units'><div class='post-entry post-entry-type-page post-entry-773'><div class='entry-content-wrapper clearfix'>\n<div  style='padding-bottom:10px; ' class='av-special-heading av-special-heading-h1  blockquote modern-quote modern-centered  avia-builder-el-1  el_before_av_textblock  avia-builder-el-first  '><h1 class='av-special-heading-tag '  itemprop=\"headline\"  >Articles par Cat\u00e9gories<\/h1><div class='special-heading-border'><div class='special-heading-inner-border' ><\/div><\/div><\/div>\n<section class=\"av_textblock_section \"  itemscope=\"itemscope\" itemtype=\"https:\/\/schema.org\/CreativeWork\" ><div class='avia_textblock  '   itemprop=\"text\" ><p style=\"text-align: center;\">Articles populaires class\u00e9s par cat\u00e9gories<\/p>\n<\/div><\/section>\n<div class=\"flex_column av_one_third  av-animated-generic bottom-to-top  flex_column_div av-zero-column-padding first  avia-builder-el-3  el_after_av_textblock  el_before_av_one_third  column-top-margin\" style='border-radius:0px; '><p><div  style='padding-bottom:10px; ' class='av-special-heading av-special-heading-h3  blockquote modern-quote  avia-builder-el-4  el_before_av_hr  avia-builder-el-first  '><h3 class='av-special-heading-tag '  itemprop=\"headline\"  >Compte <span class='special_amp'>&amp;<\/span> Tableau de bord<\/h3><div class='special-heading-border'><div class='special-heading-inner-border' ><\/div><\/div><\/div><br \/>\n<div  style='height:20px' class='hr hr-invisible   avia-builder-el-5  el_after_av_heading  el_before_av_blog '><span class='hr-inner ' ><span class='hr-inner-style'><\/span><\/span><\/div><br \/>\n<div  class='av-alb-blogposts template-blog  custom-blog '  itemscope=\"itemscope\" itemtype=\"https:\/\/schema.org\/Blog\" ><article class='post-entry post-entry-type-standard post-entry-886 post-loop-1 post-parity-odd single-big  post-886 post type-post status-publish format-standard hentry category-compte'  itemscope=\"itemscope\" itemtype=\"https:\/\/schema.org\/BlogPosting\" ><div class='blog-meta'><\/div><div class='entry-content-wrapper clearfix standard-content'><header class=\"entry-content-header\"><h2 class='post-title entry-title '  itemprop=\"headline\" >\t<a href='https:\/\/help.shinexmonitoring.com\/fr\/compte\/confirmer-votre-identite-preuves-et-documents-acceptes\/' rel='bookmark' title='Permanent Link: Confirmer votre identit\u00e9 : Preuves et documents accept\u00e9s'>Confirmer votre identit\u00e9 : Preuves et documents accept\u00e9s\t\t\t<span class='post-format-icon minor-meta'><\/span>\t<\/a><\/h2><span class='post-meta-infos'><time class='date-container minor-meta updated' >2 d\u00e9cembre 2020<\/time><span class='text-sep text-sep-date'>\/<\/span><span class='comment-container minor-meta'><a href=\"https:\/\/help.shinexmonitoring.com\/fr\/compte\/confirmer-votre-identite-preuves-et-documents-acceptes\/#respond\" class=\"comments-link\" >0 Comments<\/a><\/span><span class='text-sep text-sep-comment'>\/<\/span><span class=\"blog-categories minor-meta\">in <a href=\"https:\/\/help.shinexmonitoring.com\/fr\/category\/compte\/\" rel=\"tag\">Compte<\/a> <\/span><span class=\"text-sep text-sep-cat\">\/<\/span><span class=\"blog-author minor-meta\">by <span class=\"entry-author-link\"  itemprop=\"author\" ><span class=\"author\"><span class=\"fn\"><a href=\"https:\/\/help.shinexmonitoring.com\/fr\/author\/shinex\/\" title=\"Articles par ShineX\" rel=\"author\">ShineX<\/a><\/span><\/span><\/span><\/span><\/span><\/header><div class=\"entry-content\"  itemprop=\"text\" ><p>\u00a0 Exemples de preuves Voici quelques exemples de preuves nous permettant de confirmer votre relation avec le ou les artistes que vous avez s\u00e9lectionn\u00e9(s). Relev\u00e9 officiel Contrat R\u00e9seaux sociaux Site web Autres preuves Plus de d\u00e9tails sur chacune de ces m\u00e9thodes ci-dessous. &nbsp; 1) Relev\u00e9 officiel L\u2019ajout d\u2019un relev\u00e9 officiel \u2013 incluant le nom de [&hellip;]<\/p>\n<\/div><footer class=\"entry-footer\"><\/footer><div class='post_delimiter'><\/div><\/div><div class='post_author_timeline'><\/div><span class='hidden'>\n\t\t\t\t<span class='av-structured-data'  itemprop=\"image\" itemscope=\"itemscope\" itemtype=\"https:\/\/schema.org\/ImageObject\" >\n\t\t\t\t\t\t<span itemprop='url'>https:\/\/help.shinexmonitoring.com\/wp-content\/uploads\/2020\/11\/ShineX-logo.svg<\/span>\n\t\t\t\t\t\t<span itemprop='height'>0<\/span>\n\t\t\t\t\t\t<span itemprop='width'>0<\/span>\n\t\t\t\t<\/span>\n\t\t\t\t<span class='av-structured-data'  itemprop=\"publisher\" itemtype=\"https:\/\/schema.org\/Organization\" itemscope=\"itemscope\" >\n\t\t\t\t\t\t<span itemprop='name'>ShineX<\/span>\n\t\t\t\t\t\t<span itemprop='logo' itemscope itemtype='https:\/\/schema.org\/ImageObject'>\n\t\t\t\t\t\t\t<span itemprop='url'>https:\/\/help.shinexmonitoring.com\/wp-content\/uploads\/2020\/11\/ShineX-logo.svg<\/span>\n\t\t\t\t\t\t <\/span>\n\t\t\t\t<\/span><span class='av-structured-data'  itemprop=\"author\" itemscope=\"itemscope\" itemtype=\"https:\/\/schema.org\/Person\" ><span itemprop='name'>ShineX<\/span><\/span><span class='av-structured-data'  itemprop=\"datePublished\" datetime=\"2020-12-02T15:06:32-05:00\" >2020-12-02 15:06:32<\/span><span class='av-structured-data'  itemprop=\"dateModified\" itemtype=\"https:\/\/schema.org\/dateModified\" >2020-12-02 15:44:51<\/span><span class='av-structured-data'  itemprop=\"mainEntityOfPage\" itemtype=\"https:\/\/schema.org\/mainEntityOfPage\" ><span itemprop='name'>Confirmer votre identit\u00e9 : Preuves et documents accept\u00e9s<\/span><\/span><\/span><\/article><article class='post-entry post-entry-type-standard post-entry-877 post-loop-2 post-parity-even post-entry-last single-big  post-877 post type-post status-publish format-standard hentry category-compte'  itemscope=\"itemscope\" itemtype=\"https:\/\/schema.org\/BlogPosting\" ><div class='blog-meta'><\/div><div class='entry-content-wrapper clearfix standard-content'><header class=\"entry-content-header\"><h2 class='post-title entry-title '  itemprop=\"headline\" >\t<a href='https:\/\/help.shinexmonitoring.com\/fr\/compte\/confirmer-identite-etapes-afficher-redevances-sdars\/' rel='bookmark' title='Permanent Link: Confirmer votre identit\u00e9 : \u00c9tapes pour afficher vos redevances SDARS'>Confirmer votre identit\u00e9 : \u00c9tapes pour afficher vos redevances SDARS\t\t\t<span class='post-format-icon minor-meta'><\/span>\t<\/a><\/h2><span class='post-meta-infos'><time class='date-container minor-meta updated' >2 d\u00e9cembre 2020<\/time><span class='text-sep text-sep-date'>\/<\/span><span class='comment-container minor-meta'><a href=\"https:\/\/help.shinexmonitoring.com\/fr\/compte\/confirmer-identite-etapes-afficher-redevances-sdars\/#respond\" class=\"comments-link\" >0 Comments<\/a><\/span><span class='text-sep text-sep-comment'>\/<\/span><span class=\"blog-categories minor-meta\">in <a href=\"https:\/\/help.shinexmonitoring.com\/fr\/category\/compte\/\" rel=\"tag\">Compte<\/a> <\/span><span class=\"text-sep text-sep-cat\">\/<\/span><span class=\"blog-author minor-meta\">by <span class=\"entry-author-link\"  itemprop=\"author\" ><span class=\"author\"><span class=\"fn\"><a href=\"https:\/\/help.shinexmonitoring.com\/fr\/author\/shinex\/\" title=\"Articles par ShineX\" rel=\"author\">ShineX<\/a><\/span><\/span><\/span><\/span><\/span><\/header><div class=\"entry-content\"  itemprop=\"text\" ><p>\u00a0 Les \u00e9tapes du processus de confirmation d\u2019identit\u00e9 \u00a0 \u00c9tape #1 \u2013 Commencez le processus La premi\u00e8re \u00e9tape consiste \u00e0 acc\u00e9der \u00e0 votre tableau de bord. Sous la section \u201cVos Redevances SDARS\u201d, vous trouverez le bouton CONFIRMER qui vous m\u00e8nera au d\u00e9but du processus de v\u00e9rification. \u00a0 \u00c9tape #2 \u2013 S\u00e9lectionnez les artistes La deuxi\u00e8me [&hellip;]<\/p>\n<\/div><footer class=\"entry-footer\"><\/footer><div class='post_delimiter'><\/div><\/div><div class='post_author_timeline'><\/div><span class='hidden'>\n\t\t\t\t<span class='av-structured-data'  itemprop=\"image\" itemscope=\"itemscope\" itemtype=\"https:\/\/schema.org\/ImageObject\" >\n\t\t\t\t\t\t<span itemprop='url'>https:\/\/help.shinexmonitoring.com\/wp-content\/uploads\/2020\/11\/ShineX-logo.svg<\/span>\n\t\t\t\t\t\t<span itemprop='height'>0<\/span>\n\t\t\t\t\t\t<span itemprop='width'>0<\/span>\n\t\t\t\t<\/span>\n\t\t\t\t<span class='av-structured-data'  itemprop=\"publisher\" itemtype=\"https:\/\/schema.org\/Organization\" itemscope=\"itemscope\" >\n\t\t\t\t\t\t<span itemprop='name'>ShineX<\/span>\n\t\t\t\t\t\t<span itemprop='logo' itemscope itemtype='https:\/\/schema.org\/ImageObject'>\n\t\t\t\t\t\t\t<span itemprop='url'>https:\/\/help.shinexmonitoring.com\/wp-content\/uploads\/2020\/11\/ShineX-logo.svg<\/span>\n\t\t\t\t\t\t <\/span>\n\t\t\t\t<\/span><span class='av-structured-data'  itemprop=\"author\" itemscope=\"itemscope\" itemtype=\"https:\/\/schema.org\/Person\" ><span itemprop='name'>ShineX<\/span><\/span><span class='av-structured-data'  itemprop=\"datePublished\" datetime=\"2020-12-02T14:54:51-05:00\" >2020-12-02 14:54:51<\/span><span class='av-structured-data'  itemprop=\"dateModified\" itemtype=\"https:\/\/schema.org\/dateModified\" >2020-12-02 15:43:53<\/span><span class='av-structured-data'  itemprop=\"mainEntityOfPage\" itemtype=\"https:\/\/schema.org\/mainEntityOfPage\" ><span itemprop='name'>Confirmer votre identit\u00e9 : \u00c9tapes pour afficher vos redevances SDARS<\/span><\/span><\/span><\/article><\/div><\/p><\/div><div class=\"flex_column av_one_third  av-animated-generic bottom-to-top  flex_column_div av-zero-column-padding   column-top-margin\" style='border-radius:0px; '><p><div  style='padding-bottom:10px; ' class='av-special-heading av-special-heading-h3  blockquote modern-quote  '><h3 class='av-special-heading-tag '  itemprop=\"headline\"  >SoundExchange <span class='special_amp'>&amp;<\/span> Redevances SDARS<\/h3><div class='special-heading-border'><div class='special-heading-inner-border' ><\/div><\/div><\/div><br \/>\n<div  style='height:20px' class='hr hr-invisible  '><span class='hr-inner ' ><span class='hr-inner-style'><\/span><\/span><\/div><br \/>\n<div  class='av-alb-blogposts template-blog  custom-blog '  itemscope=\"itemscope\" itemtype=\"https:\/\/schema.org\/Blog\" ><article class='post-entry post-entry-type-standard post-entry-954 post-loop-3 post-parity-odd single-big  post-954 post type-post status-publish format-standard hentry category-guides'  itemscope=\"itemscope\" itemtype=\"https:\/\/schema.org\/BlogPosting\" ><div class='blog-meta'><\/div><div class='entry-content-wrapper clearfix standard-content'><header class=\"entry-content-header\"><h2 class='post-title entry-title '  itemprop=\"headline\" >\t<a href='https:\/\/help.shinexmonitoring.com\/fr\/guides\/ajuster-votre-tableau-de-bord-estimation-redevances\/' rel='bookmark' title='Permanent Link: Comment ajuster votre tableau de bord afin d\u2019avoir une estimation pr\u00e9cise de vos redevances'>Comment ajuster votre tableau de bord afin d\u2019avoir une estimation pr\u00e9cise de vos redevances\t\t\t<span class='post-format-icon minor-meta'><\/span>\t<\/a><\/h2><span class='post-meta-infos'><time class='date-container minor-meta updated' >3 d\u00e9cembre 2020<\/time><span class='text-sep text-sep-date'>\/<\/span><span class='comment-container minor-meta'><a href=\"https:\/\/help.shinexmonitoring.com\/fr\/guides\/ajuster-votre-tableau-de-bord-estimation-redevances\/#respond\" class=\"comments-link\" >0 Comments<\/a><\/span><span class='text-sep text-sep-comment'>\/<\/span><span class=\"blog-categories minor-meta\">in <a href=\"https:\/\/help.shinexmonitoring.com\/fr\/category\/guides\/\" rel=\"tag\">Guides<\/a> <\/span><span class=\"text-sep text-sep-cat\">\/<\/span><span class=\"blog-author minor-meta\">by <span class=\"entry-author-link\"  itemprop=\"author\" ><span class=\"author\"><span class=\"fn\"><a href=\"https:\/\/help.shinexmonitoring.com\/fr\/author\/shinex\/\" title=\"Articles par ShineX\" rel=\"author\">ShineX<\/a><\/span><\/span><\/span><\/span><\/span><\/header><div class=\"entry-content\"  itemprop=\"text\" ><p>Voyez ci-dessous comment ajuster votre tableau de bord afin d&rsquo;avoir l\u2019estimation la plus pr\u00e9cise entre vos redevances affich\u00e9es et vos redevances re\u00e7ues de SoundExchange. *** Pour v\u00e9rifier si vous \u00eates en rotation sur la radio satellite,\u00a0cliquez-ici\u00a0*** 1 \u2013 Vous n\u2019avez pas modifi\u00e9 vos pourcentages de redevances C\u2019est habituellement la raison principale expliquant pourquoi les redevances [&hellip;]<\/p>\n<\/div><footer class=\"entry-footer\"><\/footer><div class='post_delimiter'><\/div><\/div><div class='post_author_timeline'><\/div><span class='hidden'>\n\t\t\t\t<span class='av-structured-data'  itemprop=\"image\" itemscope=\"itemscope\" itemtype=\"https:\/\/schema.org\/ImageObject\" >\n\t\t\t\t\t\t<span itemprop='url'>https:\/\/help.shinexmonitoring.com\/wp-content\/uploads\/2020\/11\/ShineX-logo.svg<\/span>\n\t\t\t\t\t\t<span itemprop='height'>0<\/span>\n\t\t\t\t\t\t<span itemprop='width'>0<\/span>\n\t\t\t\t<\/span>\n\t\t\t\t<span class='av-structured-data'  itemprop=\"publisher\" itemtype=\"https:\/\/schema.org\/Organization\" itemscope=\"itemscope\" >\n\t\t\t\t\t\t<span itemprop='name'>ShineX<\/span>\n\t\t\t\t\t\t<span itemprop='logo' itemscope itemtype='https:\/\/schema.org\/ImageObject'>\n\t\t\t\t\t\t\t<span itemprop='url'>https:\/\/help.shinexmonitoring.com\/wp-content\/uploads\/2020\/11\/ShineX-logo.svg<\/span>\n\t\t\t\t\t\t <\/span>\n\t\t\t\t<\/span><span class='av-structured-data'  itemprop=\"author\" itemscope=\"itemscope\" itemtype=\"https:\/\/schema.org\/Person\" ><span itemprop='name'>ShineX<\/span><\/span><span class='av-structured-data'  itemprop=\"datePublished\" datetime=\"2020-12-03T07:12:51-05:00\" >2020-12-03 07:12:51<\/span><span class='av-structured-data'  itemprop=\"dateModified\" itemtype=\"https:\/\/schema.org\/dateModified\" >2020-12-03 09:24:08<\/span><span class='av-structured-data'  itemprop=\"mainEntityOfPage\" itemtype=\"https:\/\/schema.org\/mainEntityOfPage\" ><span itemprop='name'>Comment ajuster votre tableau de bord afin d\u2019avoir une estimation pr\u00e9cise de vos redevances<\/span><\/span><\/span><\/article><\/div><\/p><\/div><div class=\"flex_column av_one_third  av-animated-generic bottom-to-top  flex_column_div av-zero-column-padding   column-top-margin\" style='border-radius:0px; '><p><div  style='padding-bottom:10px; ' class='av-special-heading av-special-heading-h3  blockquote modern-quote  '><h3 class='av-special-heading-tag '  itemprop=\"headline\"  >Vid\u00e9os<\/h3><div class='special-heading-border'><div class='special-heading-inner-border' ><\/div><\/div><\/div><br \/>\n<div  style='height:20px' class='hr hr-invisible  '><span class='hr-inner ' ><span class='hr-inner-style'><\/span><\/span><\/div><br \/>\n<div  class='av-alb-blogposts template-blog  custom-blog '  itemscope=\"itemscope\" itemtype=\"https:\/\/schema.org\/Blog\" >\n    <article class=\"entry\">\n        <header class=\"entry-content-header\">\n            <h1 class='post-title entry-title '>Nothing Found<\/h1>        <\/header>\n\n        <p class=\"entry-content\"  itemprop=\"text\" >Sorry, no posts matched your criteria<\/p>\n\n        <footer class=\"entry-footer\"><\/footer>\n    <\/article>\n\n<\/div><\/p><\/div><\/div><\/div><\/main><!-- close content main element --><\/div><\/div><div id='after_section_1'  class='main_color av_default_container_wrap container_wrap sidebar_right' style=' '  ><div class='container' ><div class='template-page content  av-content-small alpha units'><div class='post-entry post-entry-type-page post-entry-773'><div class='entry-content-wrapper clearfix'>\n","protected":false},"excerpt":{"rendered":"","protected":false},"author":1,"featured_media":0,"parent":0,"menu_order":0,"comment_status":"closed","ping_status":"closed","template":"","meta":[],"yoast_head":"<!-- This site is optimized with the Yoast SEO plugin v15.5 - https:\/\/yoast.com\/wordpress\/plugins\/seo\/ -->\n<title>Cat\u00e9gories - ShineX | Centre d&#039;aide<\/title>\n<meta name=\"robots\" content=\"index, follow, max-snippet:-1, max-image-preview:large, max-video-preview:-1\" \/>\n<link rel=\"canonical\" href=\"https:\/\/help.shinexmonitoring.com\/fr\/categories\/\" \/>\n<meta property=\"og:locale\" content=\"fr_CA\" \/>\n<meta property=\"og:type\" content=\"article\" \/>\n<meta property=\"og:title\" content=\"Cat\u00e9gories - ShineX | Centre d&#039;aide\" \/>\n<meta property=\"og:url\" content=\"https:\/\/help.shinexmonitoring.com\/fr\/categories\/\" \/>\n<meta property=\"og:site_name\" content=\"ShineX | Centre d&#039;aide\" \/>\n<meta property=\"article:modified_time\" content=\"2020-12-06T13:11:45+00:00\" \/>\n<meta name=\"twitter:card\" content=\"summary_large_image\" \/>\n<meta name=\"twitter:label1\" content=\"Est. reading time\">\n\t<meta name=\"twitter:data1\" content=\"5 minutes\">\n<script type=\"application\/ld+json\" class=\"yoast-schema-graph\">{\"@context\":\"https:\/\/schema.org\",\"@graph\":[{\"@type\":\"WebSite\",\"@id\":\"https:\/\/help.shinexmonitoring.com\/fr\/#website\",\"url\":\"https:\/\/help.shinexmonitoring.com\/fr\/\",\"name\":\"ShineX | Centre d&#039;aide\",\"description\":\"ShineX | Articles, informations et ressources\",\"potentialAction\":[{\"@type\":\"SearchAction\",\"target\":\"https:\/\/help.shinexmonitoring.com\/fr\/?s={search_term_string}\",\"query-input\":\"required name=search_term_string\"}],\"inLanguage\":\"fr-CA\"},{\"@type\":\"WebPage\",\"@id\":\"https:\/\/help.shinexmonitoring.com\/fr\/categories\/#webpage\",\"url\":\"https:\/\/help.shinexmonitoring.com\/fr\/categories\/\",\"name\":\"Cat\\u00e9gories - ShineX | Centre d&#039;aide\",\"isPartOf\":{\"@id\":\"https:\/\/help.shinexmonitoring.com\/fr\/#website\"},\"datePublished\":\"2020-11-24T07:18:50+00:00\",\"dateModified\":\"2020-12-06T13:11:45+00:00\",\"inLanguage\":\"fr-CA\",\"potentialAction\":[{\"@type\":\"ReadAction\",\"target\":[\"https:\/\/help.shinexmonitoring.com\/fr\/categories\/\"]}]}]}<\/script>\n<!-- \/ Yoast SEO plugin. -->","_links":{"self":[{"href":"https:\/\/help.shinexmonitoring.com\/fr\/wp-json\/wp\/v2\/pages\/773"}],"collection":[{"href":"https:\/\/help.shinexmonitoring.com\/fr\/wp-json\/wp\/v2\/pages"}],"about":[{"href":"https:\/\/help.shinexmonitoring.com\/fr\/wp-json\/wp\/v2\/types\/page"}],"author":[{"embeddable":true,"href":"https:\/\/help.shinexmonitoring.com\/fr\/wp-json\/wp\/v2\/users\/1"}],"replies":[{"embeddable":true,"href":"https:\/\/help.shinexmonitoring.com\/fr\/wp-json\/wp\/v2\/comments?post=773"}],"version-history":[{"count":6,"href":"https:\/\/help.shinexmonitoring.com\/fr\/wp-json\/wp\/v2\/pages\/773\/revisions"}],"predecessor-version":[{"id":1018,"href":"https:\/\/help.shinexmonitoring.com\/fr\/wp-json\/wp\/v2\/pages\/773\/revisions\/1018"}],"wp:attachment":[{"href":"https:\/\/help.shinexmonitoring.com\/fr\/wp-json\/wp\/v2\/media?parent=773"}],"curies":[{"name":"wp","href":"https:\/\/api.w.org\/{rel}","templated":true}]}}